{"id":86,"date":"2023-01-24T19:00:51","date_gmt":"2023-01-24T19:00:51","guid":{"rendered":"https:\/\/vnoc.unam.mx\/?page_id=86"},"modified":"2025-05-06T20:58:17","modified_gmt":"2025-05-06T20:58:17","slug":"sala-de-videoconferencia-dgtic","status":"publish","type":"page","link":"https:\/\/vnoc.unam.mx\/?page_id=86","title":{"rendered":"Sala de Videoconferencia DGTIC"},"content":{"rendered":"\n<h2 class=\"has-text-color has-large-font-size\" style=\"color:#2490cf\">Solicitud y uso de la sala de videoconferencias de la DGTIC<\/h2>\n\n\n<div class=\"wp-block-image\">\n<figure class=\"alignright size-full is-resized\"><a href=\"https:\/\/docs.google.com\/forms\/d\/e\/1FAIpQLSd0w7yDsYknJFNeTdGfSCavPTTtv37E8kKy7wJHziLZmj11zA\/viewform\"><img decoding=\"async\" loading=\"lazy\" src=\"https:\/\/vnoc.unam.mx\/wp-content\/uploads\/2023\/01\/boton-1.png\" alt=\"\" class=\"wp-image-127\" width=\"222\" height=\"106\"\/><\/a><figcaption class=\"wp-element-caption\">Solicitud y uso de la sala de videoconferencias de la DGTIC<\/figcaption><\/figure><\/div>\n\n\n<p><br>La sala de la DGTIC cuenta con el servicio de conexi\u00f3n por videoconferencia mediante un equipo Cisco SX80 para el apoyo a las actividades acad\u00e9micas de la comunidad universitaria. Se requiere que el interesado cuente con la informaci\u00f3n de contacto de la instituci\u00f3n con la que realizar\u00e1 la conexi\u00f3n.<\/p>\n\n\n\n<p><br>Capacidad de la sala: 16 personas, por contingencia sanitaria el acceso es s\u00f3lo para 8 personas<br>para mantener la sana distancia en el \u00e1rea.<\/p>\n\n\n\n<p><br>Equipo y servicios disponibles: la sala cuenta con una computadora Windows para el env\u00edo de<br>presentaciones si es requerido. El usuario puede traer su computadora con salida HDMI para<br>conectarla al equipo de videoconferencia. Se tiene el servicio de red inal\u00e1mbrica para los<br>asistentes de la sala. No se cuenta con c\u00e1mara de documentos.<br>Costo: Sin costo para la comunidad universitaria.<\/p>\n\n\n\n<p><br>Estacionamiento: No se cuenta con acceso libre al estacionamiento de la DGTIC. El acceso debe de<br>solicitarse v\u00eda correo electr\u00f3nico con al menos 24 hrs. antes del evento, esta sujeto a<br>disponibilidad. En caso de no realizar esta solicitud, puede estacionarse en el circuito o en alguno<br>de los estacionamientos controlados cercanos a la DGTIC.<\/p>\n\n\n\n<p><br>Solicitudes: Para solicitar la reservaci\u00f3n de la sala para una Videoconferencia debe de ingresar una<br>solicitud en este formato. Para reservaciones, debe de realizar la solicitud al menos 48 hrs. antes<br>de la fecha de su evento, sujeto a disponibilidad. Puede ver tambi\u00e9n el calendario de<br>reservaciones y espacios disponibles <a href=\"https:\/\/vnoc.unam.mx\/?page_id=41\">aqu\u00ed.<\/a><\/p>\n\n\n\n<p><br>Servicio de caf\u00e9 o bocadillos: No se tiene disponible. El organizador debe de realizar las gestiones<br>por su cuenta para contar con el servicio. No hay cafeter\u00eda dentro de la DGTIC.<br>Cualquier duda puede enviar un correo al Departamento de Comunicaciones Audiovisuales a<br>vnoc@unam.mx, o llamando al 56228443 para confirmar disponibilidad.<br>Horario de atenci\u00f3n: 09:00 a 15:00 y 17:00 a 19:00 hrs<\/p>\n\n\n\n<p><br>Ubicaci\u00f3n: Edificio de la Direcci\u00f3n General de C\u00f3mputo y de Tecnolog\u00edas de la Informaci\u00f3n y<br>Comunicaciones. Circuito Exterior S\/N Frente a la Facultad de Contadur\u00eda y Administraci\u00f3n. Ciudad<br>Universitaria, Alcald\u00eda Coyoac\u00e1n. Ciudad de M\u00e9xico. CP 04510<br>Ubicaci\u00f3n en Google Maps: <\/p>\n\n\n\n<iframe src=\"https:\/\/www.google.com\/maps\/embed?pb=!1m18!1m12!1m3!1d3765.0802614494464!2d-99.1846585!3d19.322323199999996!2m3!1f0!2f0!3f0!3m2!1i1024!2i768!4f13.1!3m3!1m2!1s0x85ce0008d3c59c8f%3A0x69aa8a89232db3fc!2sDGTIC%20Sala%20de%20Videoconferencias!5e0!3m2!1ses!2smx!4v1674586905856!5m2!1ses!2smx\" width=\"400\" height=\"300\" style=\"border:0;\" allowfullscreen=\"\" loading=\"lazy\" referrerpolicy=\"no-referrer-when-downgrade\"><\/iframe>\n\n\n\n<p class=\"has-very-dark-gray-color has-text-color has-small-font-size\">Realiz\u00f3: Mtro. Jos\u00e9 Luis Rodr\u00edguez Valdez<br>Realiz\u00f3: Mtro. Norberto Montalvo Garc\u00eda<br>Realiz\u00f3: Ing. Arturo Gonz\u00e1lez Rom\u00e1n<br>Realiz\u00f3: Mtro. Guillermo V\u00e1zquez Ben\u00edtez<\/p>\n\n\n\n<p><\/p>\n\n\n\n<p>Ultima actualizaci\u00f3n: 23 de enero 2023<\/p>\n","protected":false},"excerpt":{"rendered":"<p>Solicitud y uso de la sala de videoconferencias de la DGTIC La sala de la DGTIC cuenta con el servicio de conexi\u00f3n por videoconferencia mediante un equipo Cisco SX80 para el apoyo a las actividades acad\u00e9micas de la comunidad universitaria. &hellip; <a href=\"https:\/\/vnoc.unam.mx\/?page_id=86\">Continued<\/a><\/p>\n","protected":false},"author":1,"featured_media":0,"parent":0,"menu_order":0,"comment_status":"closed","ping_status":"closed","template":"","meta":{"_eb_attr":""},"_links":{"self":[{"href":"https:\/\/vnoc.unam.mx\/index.php?rest_route=\/wp\/v2\/pages\/86"}],"collection":[{"href":"https:\/\/vnoc.unam.mx\/index.php?rest_route=\/wp\/v2\/pages"}],"about":[{"href":"https:\/\/vnoc.unam.mx\/index.php?rest_route=\/wp\/v2\/types\/page"}],"author":[{"embeddable":true,"href":"https:\/\/vnoc.unam.mx\/index.php?rest_route=\/wp\/v2\/users\/1"}],"replies":[{"embeddable":true,"href":"https:\/\/vnoc.unam.mx\/index.php?rest_route=%2Fwp%2Fv2%2Fcomments&post=86"}],"version-history":[{"count":11,"href":"https:\/\/vnoc.unam.mx\/index.php?rest_route=\/wp\/v2\/pages\/86\/revisions"}],"predecessor-version":[{"id":537,"href":"https:\/\/vnoc.unam.mx\/index.php?rest_route=\/wp\/v2\/pages\/86\/revisions\/537"}],"wp:attachment":[{"href":"https:\/\/vnoc.unam.mx\/index.php?rest_route=%2Fwp%2Fv2%2Fmedia&parent=86"}],"curies":[{"name":"wp","href":"https:\/\/api.w.org\/{rel}","templated":true}]}}