{"id":56,"date":"2023-01-23T19:45:36","date_gmt":"2023-01-23T19:45:36","guid":{"rendered":"https:\/\/vnoc.unam.mx\/?page_id=56"},"modified":"2023-03-16T17:08:56","modified_gmt":"2023-03-16T17:08:56","slug":"servicios-institucionales","status":"publish","type":"page","link":"https:\/\/vnoc.unam.mx\/?page_id=56","title":{"rendered":"Servicios Institucionales"},"content":{"rendered":"\n<h2 class=\"has-text-color has-large-font-size\" style=\"color:#2490cf\">Servicios  Institucionales Del Departamento de Comunicaciones Audiovisuales <\/h2>\n\n\n\n<p class=\"has-text-color has-medium-font-size\" style=\"color:#2490cf\"><strong>Sal\u00f3n virtual para ex\u00e1menes de grado UNAM<\/strong><\/p>\n\n\n\n<p class=\"has-very-dark-gray-color has-text-color\"><br>Es un servicio operado por personal de la DGTIC en el que los sustentantes de un examen de grado<br>y los sinodales pueden celebrar una sesi\u00f3n para la realizaci\u00f3n de un examen de grado de<br>licenciatura o de posgrado. <a href=\"https:\/\/vnoc.unam.mx\/?page_id=62\">Ver lineamientos.<\/a><\/p>\n\n\n\n<p><\/p>\n\n\n\n<p class=\"has-text-color has-medium-font-size\" style=\"color:#2490cf\"><strong>Sala de videoconferencia DGTIC<\/strong><\/p>\n\n\n\n<p><br>Para la realizaci\u00f3n de sesiones grupales de videoconferencia de hasta 16 personas reunidas en un<br>mismo lugar. <a href=\"https:\/\/vnoc.unam.mx\/?page_id=86\">Ver lineamientos.<\/a><\/p>\n\n\n\n<p class=\"has-text-color has-medium-font-size\" style=\"color:#2490cf\"><strong>Licenciamiento de Zoom \/ Webex<\/strong><\/p>\n\n\n\n<p><br>Licencias de las plataformas de Zoom y Webex para responsables de servicios en entidades<br>universitarias. Ver lineamientos.<\/p>\n\n\n\n<p class=\"has-text-color has-medium-font-size\" style=\"color:#2490cf\"><strong>Seminarios Web Zoom<\/strong><\/p>\n\n\n\n<p><br>Es un servicio operado por personal de la DGTIC en el que se re\u00fanen panelistas y asistentes a un<br>evento realizado a distancia. <a href=\"https:\/\/vnoc.unam.mx\/?page_id=114\">Ver lineamientos.<\/a><\/p>\n\n\n\n<p class=\"has-text-color has-medium-font-size\" style=\"color:#2490cf\"><strong>Complemento Zoom 500<\/strong><\/p>\n\n\n\n<p><br>Complemento que permite extender la capacidad de una sala de Zoom de 300 a 500 participantes.<br>Se requiere que el usuario tenga una cuenta o licencia de Zoom proporcionada por la DGTIC. No se<br>brinda el servicio en cuentas de Aulas Virtuales (CUAIEED). <a href=\"https:\/\/vnoc.unam.mx\/?page_id=130\">Ver Lineamientos.<\/a><\/p>\n\n\n\n<p class=\"has-text-color has-medium-font-size\" style=\"color:#2490cf\"><strong>Sala para evaluaciones COA \/ COC UNAM<\/strong><\/p>\n\n\n\n<p><br>Es un servicio operado por personal de la DGTIC en el que se re\u00fanen sustentantes y comisiones<br>dictaminadoras para la realizaci\u00f3n de evaluaciones de concursos de oposici\u00f3n abiertos o cerrados<br>de la UNAM. <a href=\"https:\/\/vnoc.unam.mx\/?page_id=154\">Ver lineamientos.<\/a><\/p>\n\n\n\n<p><\/p>\n\n\n\n<p><\/p>\n\n\n\n<p class=\"has-small-font-size\">Realiz\u00f3: Mtro. Jos\u00e9 Luis Rodr\u00edguez Valdez<br>Realiz\u00f3: Mtro. Norberto Montalvo Garc\u00eda<br>Realiz\u00f3: Ing. Arturo Gonz\u00e1lez Rom\u00e1n<br>Realiz\u00f3: Mtro. Guillermo V\u00e1zquez Ben\u00edtez<\/p>\n\n\n\n<p>Ultima actualizaci\u00f3n: 23 de enero 2023<\/p>\n","protected":false},"excerpt":{"rendered":"<p>Servicios Institucionales Del Departamento de Comunicaciones Audiovisuales Sal\u00f3n virtual para ex\u00e1menes de grado UNAM Es un servicio operado por personal de la DGTIC en el que los sustentantes de un examen de gradoy los sinodales pueden celebrar una sesi\u00f3n para &hellip; <a href=\"https:\/\/vnoc.unam.mx\/?page_id=56\">Continued<\/a><\/p>\n","protected":false},"author":1,"featured_media":0,"parent":0,"menu_order":0,"comment_status":"closed","ping_status":"closed","template":"","meta":{"_eb_attr":""},"_links":{"self":[{"href":"https:\/\/vnoc.unam.mx\/index.php?rest_route=\/wp\/v2\/pages\/56"}],"collection":[{"href":"https:\/\/vnoc.unam.mx\/index.php?rest_route=\/wp\/v2\/pages"}],"about":[{"href":"https:\/\/vnoc.unam.mx\/index.php?rest_route=\/wp\/v2\/types\/page"}],"author":[{"embeddable":true,"href":"https:\/\/vnoc.unam.mx\/index.php?rest_route=\/wp\/v2\/users\/1"}],"replies":[{"embeddable":true,"href":"https:\/\/vnoc.unam.mx\/index.php?rest_route=%2Fwp%2Fv2%2Fcomments&post=56"}],"version-history":[{"count":9,"href":"https:\/\/vnoc.unam.mx\/index.php?rest_route=\/wp\/v2\/pages\/56\/revisions"}],"predecessor-version":[{"id":265,"href":"https:\/\/vnoc.unam.mx\/index.php?rest_route=\/wp\/v2\/pages\/56\/revisions\/265"}],"wp:attachment":[{"href":"https:\/\/vnoc.unam.mx\/index.php?rest_route=%2Fwp%2Fv2%2Fmedia&parent=56"}],"curies":[{"name":"wp","href":"https:\/\/api.w.org\/{rel}","templated":true}]}}