{"id":525,"date":"2025-05-06T20:24:57","date_gmt":"2025-05-06T20:24:57","guid":{"rendered":"https:\/\/vnoc.unam.mx\/?page_id=525"},"modified":"2025-05-06T20:59:58","modified_gmt":"2025-05-06T20:59:58","slug":"transmision-en-recintos-universitarios","status":"publish","type":"page","link":"https:\/\/vnoc.unam.mx\/?page_id=525","title":{"rendered":"Transmisi\u00f3n en recintos universitarios\u00a0"},"content":{"rendered":"<h1><span style=\"color: #000080;\">Transmisi\u00f3n en recintos universitarios<\/span><\/h1>\n<p>Es un servicio operador por la DGTIC para la instalaci\u00f3n y operaci\u00f3n de equipo de videoconferencia para eventos acad\u00e9micos en vivo desde un recinto universitario. Requiere solicitud a trav\u00e9s de la Oficina Central de Correspondencia de la DGTIC <a id=\"LPlnk\" title=\"https:\/\/www.tic.unam.mx\/\" href=\"https:\/\/www.tic.unam.mx\/\" target=\"_blank\" rel=\"noopener noreferrer\" data-auth=\"NotApplicable\" data-linkindex=\"0\">https:\/\/www.tic.unam.mx\/<\/a><\/p>\n<p class=\"has-text-color has-small-font-size\">Realiz\u00f3: Mtro. Jos\u00e9 Luis Rodr\u00edguez Valdez<br \/>\nRealiz\u00f3: Mtro. Norberto Montalvo Garc\u00eda<br \/>\nRealiz\u00f3: Ing. Arturo Gonz\u00e1lez Rom\u00e1n<br \/>\nRealiz\u00f3: Mtro. Guillermo V\u00e1zquez Ben\u00edtez<\/p>\n<blockquote class=\"wp-block-quote\"><\/blockquote>\n<p>Ultima actualizaci\u00f3n: 23 de enero 2025<\/p>\n","protected":false},"excerpt":{"rendered":"<p>Transmisi\u00f3n en recintos universitarios Es un servicio operador por la DGTIC para la instalaci\u00f3n y operaci\u00f3n de equipo de videoconferencia para eventos acad\u00e9micos en vivo desde un recinto universitario. Requiere solicitud a trav\u00e9s de la Oficina Central de Correspondencia de &hellip; <a href=\"https:\/\/vnoc.unam.mx\/?page_id=525\">Continued<\/a><\/p>\n","protected":false},"author":1,"featured_media":0,"parent":0,"menu_order":0,"comment_status":"closed","ping_status":"closed","template":"","meta":{"_eb_attr":""},"_links":{"self":[{"href":"https:\/\/vnoc.unam.mx\/index.php?rest_route=\/wp\/v2\/pages\/525"}],"collection":[{"href":"https:\/\/vnoc.unam.mx\/index.php?rest_route=\/wp\/v2\/pages"}],"about":[{"href":"https:\/\/vnoc.unam.mx\/index.php?rest_route=\/wp\/v2\/types\/page"}],"author":[{"embeddable":true,"href":"https:\/\/vnoc.unam.mx\/index.php?rest_route=\/wp\/v2\/users\/1"}],"replies":[{"embeddable":true,"href":"https:\/\/vnoc.unam.mx\/index.php?rest_route=%2Fwp%2Fv2%2Fcomments&post=525"}],"version-history":[{"count":4,"href":"https:\/\/vnoc.unam.mx\/index.php?rest_route=\/wp\/v2\/pages\/525\/revisions"}],"predecessor-version":[{"id":541,"href":"https:\/\/vnoc.unam.mx\/index.php?rest_route=\/wp\/v2\/pages\/525\/revisions\/541"}],"wp:attachment":[{"href":"https:\/\/vnoc.unam.mx\/index.php?rest_route=%2Fwp%2Fv2%2Fmedia&parent=525"}],"curies":[{"name":"wp","href":"https:\/\/api.w.org\/{rel}","templated":true}]}}