{"id":412,"date":"2024-02-09T16:43:18","date_gmt":"2024-02-09T16:43:18","guid":{"rendered":"https:\/\/vnoc.unam.mx\/?page_id=412"},"modified":"2024-03-22T17:32:42","modified_gmt":"2024-03-22T17:32:42","slug":"%f0%9f%9a%80-boletin-de-innovacion-%f0%9f%8c%90%e2%9c%a8","status":"publish","type":"page","link":"https:\/\/vnoc.unam.mx\/?page_id=412","title":{"rendered":"\u00a1Bolet\u00edn de Innovaci\u00f3n!"},"content":{"rendered":"\n<p class=\"has-virtue-primary-light-color has-text-color has-large-font-size\">\ud83d\ude80 \u00a1Bolet\u00edn de Innovaci\u00f3n! \ud83c\udf10\u2728<\/p>\n\n\n<p>Explora la sinergia entre videoconferencia, tecnolog\u00eda y comunicaci\u00f3n en nuestro \u00faltimo bolet\u00edn. Descubre las tendencias en sistemas y administraci\u00f3n de alta especialidad, fusionando dise\u00f1o UX para una experiencia \u00fanica en videoconferencia por ZOOM Y Webex. \u00a1Conecta, crea, y eleva tus proyectos al siguiente nivel!<\/p>\n\n\n<p><\/p>\n","protected":false},"excerpt":{"rendered":"<p>\ud83d\ude80 \u00a1Bolet\u00edn de Innovaci\u00f3n! \ud83c\udf10\u2728 Explora la sinergia entre videoconferencia, tecnolog\u00eda y comunicaci\u00f3n en nuestro \u00faltimo bolet\u00edn. Descubre las tendencias en sistemas y administraci\u00f3n de alta especialidad, fusionando dise\u00f1o UX para una experiencia \u00fanica en videoconferencia por ZOOM Y Webex. &hellip; <a href=\"https:\/\/vnoc.unam.mx\/?page_id=412\">Continued<\/a><\/p>\n","protected":false},"author":1,"featured_media":0,"parent":0,"menu_order":0,"comment_status":"closed","ping_status":"closed","template":"","meta":{"_eb_attr":""},"_links":{"self":[{"href":"https:\/\/vnoc.unam.mx\/index.php?rest_route=\/wp\/v2\/pages\/412"}],"collection":[{"href":"https:\/\/vnoc.unam.mx\/index.php?rest_route=\/wp\/v2\/pages"}],"about":[{"href":"https:\/\/vnoc.unam.mx\/index.php?rest_route=\/wp\/v2\/types\/page"}],"author":[{"embeddable":true,"href":"https:\/\/vnoc.unam.mx\/index.php?rest_route=\/wp\/v2\/users\/1"}],"replies":[{"embeddable":true,"href":"https:\/\/vnoc.unam.mx\/index.php?rest_route=%2Fwp%2Fv2%2Fcomments&post=412"}],"version-history":[{"count":14,"href":"https:\/\/vnoc.unam.mx\/index.php?rest_route=\/wp\/v2\/pages\/412\/revisions"}],"predecessor-version":[{"id":492,"href":"https:\/\/vnoc.unam.mx\/index.php?rest_route=\/wp\/v2\/pages\/412\/revisions\/492"}],"wp:attachment":[{"href":"https:\/\/vnoc.unam.mx\/index.php?rest_route=%2Fwp%2Fv2%2Fmedia&parent=412"}],"curies":[{"name":"wp","href":"https:\/\/api.w.org\/{rel}","templated":true}]}}