{"id":154,"date":"2023-01-26T20:49:34","date_gmt":"2023-01-26T20:49:34","guid":{"rendered":"https:\/\/vnoc.unam.mx\/?page_id=154"},"modified":"2025-05-08T16:10:32","modified_gmt":"2025-05-08T16:10:32","slug":"salon-coa-coc","status":"publish","type":"page","link":"https:\/\/vnoc.unam.mx\/?page_id=154","title":{"rendered":"Sal\u00f3n COA\/ COC"},"content":{"rendered":"\n<h2 class=\"has-text-color has-large-font-size\" style=\"color:#2490cf\">Sala de Eventos Acad\u00e9micos por Zoom<\/h2>\n\n\n<div class=\"wp-block-image\">\n<figure class=\"alignright size-full is-resized\"><a href=\"https:\/\/docs.google.com\/forms\/d\/e\/1FAIpQLSdDUp2iRuYiTHz9zE3FriH_EYdSoxWVjIQ02L1pEEkl6tWBIA\/viewform\"><img decoding=\"async\" loading=\"lazy\" src=\"https:\/\/vnoc.unam.mx\/wp-content\/uploads\/2023\/01\/boton-3.png\" alt=\"\" class=\"wp-image-157\" width=\"243\" height=\"116\"\/><\/a><figcaption class=\"wp-element-caption\">Sala de Eventos Acad\u00e9micos <\/figcaption><\/figure><\/div>\n\n\n<p>Es un servicio operados por la DGTIC para la configuraci\u00f3n y operaci\u00f3n de salas virtuales de Zoom para la realizaci\u00f3n de eventos acad\u00e9micos a distancia.<\/p>\n\n\n\n<p><\/p>\n\n\n\n<p><\/p>\n\n\n\n<p><\/p>\n\n\n\n<p><\/p>\n\n\n\n<p><\/p>\n\n\n\n<p> <\/p>\n\n\n\n<p><\/p>\n\n\n\n<p><\/p>\n\n\n\n<p><\/p>\n\n\n\n<p><\/p>\n\n\n\n<p><\/p>\n\n\n\n<p class=\"has-text-color has-small-font-size\" style=\"color:#434242\">Realiz\u00f3: Mtro. Jos\u00e9 Luis Rodr\u00edguez Valdez<br>Realiz\u00f3: Mtro. Norberto Montalvo Garc\u00eda<br>Realiz\u00f3: Ing. Arturo Gonz\u00e1lez Rom\u00e1n<br>Realiz\u00f3: Mtro. Guillermo V\u00e1zquez Ben\u00edtez<\/p>\n\n\n\n<blockquote class=\"wp-block-quote\">\n<p><\/p>\n<\/blockquote>\n\n\n\n<p><br>Ultima actualizaci\u00f3n: 23 de enero 2025<\/p>\n","protected":false},"excerpt":{"rendered":"<p>Sala de Eventos Acad\u00e9micos por Zoom Es un servicio operados por la DGTIC para la configuraci\u00f3n y operaci\u00f3n de salas virtuales de Zoom para la realizaci\u00f3n de eventos acad\u00e9micos a distancia. Realiz\u00f3: Mtro. Jos\u00e9 Luis Rodr\u00edguez ValdezRealiz\u00f3: Mtro. Norberto Montalvo &hellip; <a href=\"https:\/\/vnoc.unam.mx\/?page_id=154\">Continued<\/a><\/p>\n","protected":false},"author":1,"featured_media":0,"parent":0,"menu_order":0,"comment_status":"closed","ping_status":"closed","template":"","meta":{"_eb_attr":""},"_links":{"self":[{"href":"https:\/\/vnoc.unam.mx\/index.php?rest_route=\/wp\/v2\/pages\/154"}],"collection":[{"href":"https:\/\/vnoc.unam.mx\/index.php?rest_route=\/wp\/v2\/pages"}],"about":[{"href":"https:\/\/vnoc.unam.mx\/index.php?rest_route=\/wp\/v2\/types\/page"}],"author":[{"embeddable":true,"href":"https:\/\/vnoc.unam.mx\/index.php?rest_route=\/wp\/v2\/users\/1"}],"replies":[{"embeddable":true,"href":"https:\/\/vnoc.unam.mx\/index.php?rest_route=%2Fwp%2Fv2%2Fcomments&post=154"}],"version-history":[{"count":9,"href":"https:\/\/vnoc.unam.mx\/index.php?rest_route=\/wp\/v2\/pages\/154\/revisions"}],"predecessor-version":[{"id":543,"href":"https:\/\/vnoc.unam.mx\/index.php?rest_route=\/wp\/v2\/pages\/154\/revisions\/543"}],"wp:attachment":[{"href":"https:\/\/vnoc.unam.mx\/index.php?rest_route=%2Fwp%2Fv2%2Fmedia&parent=154"}],"curies":[{"name":"wp","href":"https:\/\/api.w.org\/{rel}","templated":true}]}}